{"id":251,"date":"2016-12-17T15:52:18","date_gmt":"2016-12-17T15:52:18","guid":{"rendered":"http:\/\/bajantessinobras.com\/?page_id=251"},"modified":"2017-06-12T18:52:15","modified_gmt":"2017-06-12T18:52:15","slug":"inicio","status":"publish","type":"page","link":"https:\/\/bajantessinobras.com\/","title":{"rendered":"Inicio"},"content":{"rendered":"<style type=\"text\/css\">@media only screen and (min-width: 1000px) and (max-width: 5000px){body.kc-css-system .kc-css-3668791{width: 79.74%;}body.kc-css-system .kc-css-1955182{width: 20.24%;}}<\/style>\n<section class=\"kc-elm kc-css-1005739 kc_row\">\n<div class=\"kc-row-container  kc-container\">\n<div class=\"kc-wrap-columns\">\n<div class=\"kc-elm kc-css-3668791 kc_col-sm-10 kc_column kc_col-sm-10\">\n<div class=\"kc-col-container\">\n<div class=\"kc-elm kc-css-2091422 kc_shortcode kc_single_image\">\n<p>        <img decoding=\"async\" src=\"\/wp-content\/uploads\/2017\/02\/Banner-Inicio-con-logo.jpg\" class=\"\" alt=\"\" \/>    <\/div>\n<div class=\"kc-elm kc-css-3700875\" style=\"height: 40px; clear: both; width:100%;\"><\/div>\n<div class=\"kc-elm kc-css-3402041 kc_text_block\">\n<p><strong>Bajantes Sin Obras es un m\u00e9todo de conseguir tuber\u00edas nuevas y un flujo de agua libre de infecciones y obstrucciones recubriendo con nuestra resina sus actuales tuber\u00edas y bajantes en mal estado.<\/strong><\/p>\n<p><strong>\u00a0\u00a0 <\/strong>Nuestra tecnolog\u00eda nos permite, en muy poco tiempo, diagnosticar el estado actual de sus canalizaciones y aplicar en ellas un recubrimiento interno a base de nuestra <strong>resina Ordepox 28<\/strong> que conformar\u00e1 una nueva tuber\u00eda resistente y saludable que evitar\u00e1 todo contacto del agua con la anterior superficie y libre de poros, dificultando as\u00ed futuras obstrucciones de la misma. Nuestro m\u00e9todo tambien es<strong> aplicable a todo tipo de dep\u00f3sitos<\/strong>, reparando toda imperfecci\u00f3n y prolongando la vida \u00fatil de los mismos.<\/p>\n<p><strong>\u00a0\u00a0 <\/strong>Para evitar todo tipo de obras costosas e innecesarias introducimos todo nuestro equipo de trabajo por el ba\u00f1o de su vivienda, edificio, o local, o por el sumidero desde el tejado. En pocas horas y mediante c\u00e1maras borosc\u00f3picas y un robot patentado nuestros t\u00e9cnicos habr\u00e1n creado y asegurado el recubrimiento de su nueva bajante, que podr\u00e1 seguir siendo utilizada de inmediato con total garant\u00eda de calidad.<\/p>\n<p><strong>\u00a0\u00a0 <\/strong>Desde <strong>FsO<\/strong> nos encargamos de conseguir resultados inmejorables con precios ajustados a cada situaci\u00f3n sin perder por ello calidad del servicio.<\/p>\n<p><strong>\u00a0\u00a0 <\/strong>Invertir en la calidad de los conductos de su vivienda o local significa invertir en la calidad del agua, y por lo tanto en su propia <strong>calidad de vida<\/strong>.<\/p>\n<\/div>\n<div class=\"kc-elm kc-css-1255167\" style=\"height: 40px; clear: both; width:100%;\"><\/div>\n<\/div>\n<\/div>\n<div class=\"kc-elm kc-css-1955182 kc_col-of-5 kc_column kc_col-of-5\">\n<div class=\"kc-col-container\">\n<div class=\"kc-elm kc-css-3505802 kc_text_block\">\n<h1><a href=\"http:\/\/bsio.azurewebsites.net\/noticias\/\"><strong>Noticias<\/strong><\/a><\/h1>\n<hr \/>\n<\/div>\n<div class=\"kc-elm kc-css-2543330 list-post-type list-post category \">\n<div class=\"list-item post-4089\">\n<h3><a href=\"http:\/\/bajantessinobras.com\/?p=4089\">Margen izquierda de Pontevedra y su r\u00eda<\/a><\/h3>\n<div class=\"post-content\">\n<div class=\"kc-entry_meta\">\n\t\t\t\t\t\t\t\t<\/div>\n<div class=\"text\">\n\t\t\t\t\tReparaci\u00f3n de tuber\u00eda de 200 de fundici\u00f3n d\u00factil con tres &#8230;\t\t\t\t<\/div>\n<\/p><\/div>\n<\/p><\/div>\n<div class=\"list-item post-3541\">\n<h3><a href=\"http:\/\/bajantessinobras.com\/?p=3541\">Edificio salud y bienestar social Toledo<\/a><\/h3>\n<div class=\"post-content\">\n<div class=\"kc-entry_meta\">\n\t\t\t\t\t\t\t\t<\/div>\n<div class=\"text\">\n\t\t\t\t\tEdificio salud y bienestar social Toledo: FSO internacional finaliza con &#8230;\t\t\t\t<\/div>\n<\/p><\/div>\n<\/p><\/div>\n<\/p><\/div>\n<\/div>\n<\/div>\n<\/div>\n<\/div>\n<\/section>\n","protected":false},"excerpt":{"rendered":"<p>Bajantes Sin Obras es un m\u00e9todo de conseguir tuber\u00edas nuevas y un flujo de agua libre de infecciones y obstrucciones recubriendo con nuestra resina sus actuales tuber\u00edas y bajantes en mal estado. \u00a0\u00a0 Nuestra tecnolog\u00eda nos permite, en muy poco tiempo, diagnosticar el estado actual de sus canalizaciones y aplicar en ellas un recubrimiento interno &hellip; <\/p>\n<p class=\"link-more\"><a href=\"https:\/\/bajantessinobras.com\/\" class=\"more-link\">Continuar leyendo<span class=\"screen-reader-text\"> \u00abInicio\u00bb<\/span><\/a><\/p>\n","protected":false},"author":1,"featured_media":0,"parent":0,"menu_order":0,"comment_status":"closed","ping_status":"closed","template":"","meta":{"footnotes":""},"class_list":["post-251","page","type-page","status-publish","hentry"],"_links":{"self":[{"href":"https:\/\/bajantessinobras.com\/index.php?rest_route=\/wp\/v2\/pages\/251","targetHints":{"allow":["GET"]}}],"collection":[{"href":"https:\/\/bajantessinobras.com\/index.php?rest_route=\/wp\/v2\/pages"}],"about":[{"href":"https:\/\/bajantessinobras.com\/index.php?rest_route=\/wp\/v2\/types\/page"}],"author":[{"embeddable":true,"href":"https:\/\/bajantessinobras.com\/index.php?rest_route=\/wp\/v2\/users\/1"}],"replies":[{"embeddable":true,"href":"https:\/\/bajantessinobras.com\/index.php?rest_route=%2Fwp%2Fv2%2Fcomments&post=251"}],"version-history":[{"count":40,"href":"https:\/\/bajantessinobras.com\/index.php?rest_route=\/wp\/v2\/pages\/251\/revisions"}],"predecessor-version":[{"id":4106,"href":"https:\/\/bajantessinobras.com\/index.php?rest_route=\/wp\/v2\/pages\/251\/revisions\/4106"}],"wp:attachment":[{"href":"https:\/\/bajantessinobras.com\/index.php?rest_route=%2Fwp%2Fv2%2Fmedia&parent=251"}],"curies":[{"name":"wp","href":"https:\/\/api.w.org\/{rel}","templated":true}]}}