{"id":261,"date":"2016-12-17T15:52:19","date_gmt":"2016-12-17T15:52:19","guid":{"rendered":"http:\/\/bajantessinobras.com\/?page_id=261"},"modified":"2020-02-12T15:15:58","modified_gmt":"2020-02-12T15:15:58","slug":"acerca-de","status":"publish","type":"page","link":"https:\/\/bajantessinobras.com\/?page_id=261","title":{"rendered":"Acerca de"},"content":{"rendered":"<style type=\"text\/css\">@media only screen and (min-width: 1000px) and (max-width: 5000px){body.kc-css-system .kc-css-650847{width: 33.33%;}body.kc-css-system .kc-css-3710806{width: 33.33%;}body.kc-css-system .kc-css-3945087{width: 33.33%;}body.kc-css-system .kc-css-1164377{width: 33.33%;}body.kc-css-system .kc-css-767835{width: 33.33%;}body.kc-css-system .kc-css-858412{width: 33.33%;}body.kc-css-system .kc-css-2099689{width: 33.33%;}body.kc-css-system .kc-css-1668383{width: 33.33%;}body.kc-css-system .kc-css-2826118{width: 33.33%;}}body.kc-css-system .kc-css-1748929 img{border-top: 10px groove #1e73be;border-right: 10px ridge #1e73be;border-bottom: 10px ridge #1e73be;border-left: 10px groove #1e73be;;}body.kc-css-system .kc-css-2967897 img{border-top: 10px groove #1e73be;border-right: 10px ridge #1e73be;border-bottom: 10px ridge #1e73be;border-left: 10px groove #1e73be;;}body.kc-css-system .kc-css-1353306 img{border-top: 10px groove #1e73be;border-right: 10px ridge #1e73be;border-bottom: 10px ridge #1e73be;border-left: 10px groove #1e73be;;}body.kc-css-system .kc-css-1807487 img{border-top: 10px groove #1e73be;border-right: 10px ridge #1e73be;border-bottom: 10px ridge #1e73be;border-left: 10px groove #1e73be;;}body.kc-css-system .kc-css-3631643 img{border-top: 10px groove #1e73be;border-right: 10px ridge #1e73be;border-bottom: 10px ridge #1e73be;border-left: 10px groove #1e73be;;}body.kc-css-system .kc-css-2499362 img{border-top: 10px groove #1e73be;border-right: 10px ridge #1e73be;border-bottom: 10px ridge #1e73be;border-left: 10px groove #1e73be;;}body.kc-css-system .kc-css-2841233 img{border-top: 10px groove #1e73be;border-right: 10px ridge #1e73be;border-bottom: 10px ridge #1e73be;border-left: 10px groove #1e73be;;}body.kc-css-system .kc-css-1643827 img{border-top: 10px groove #1e73be;border-right: 10px ridge #1e73be;border-bottom: 10px ridge #1e73be;border-left: 10px groove #1e73be;;}<\/style>\n<section class=\"kc-elm kc-css-3674588 kc_row\">\n<div class=\"kc-row-container  kc-container\">\n<div class=\"kc-wrap-columns\">\n<div class=\"kc-elm kc-css-3901864 kc_col-sm-12 kc_column kc_col-sm-12\">\n<div class=\"kc-col-container\">\n<div class=\"kc-elm kc-css-2552333 kc_text_block\">\n<p>Grupo Fso es fundado en 2009 en Zaragoza. Actualmente operando\u00a0en\u00a0toda Espa\u00f1a y a nivel internacional.<\/p>\n<p>Con cientos de\u00a0trabajos realizados satisfactoriamente a nuestras espaldas, somos una empresa en constante crecimiento y mejora de nuestros servicios empleando y desarrollando para ello la tecnolog\u00eda m\u00e1s puntera.<\/p>\n<p>Gracias a nuestros avances y t\u00e9cnicas operamos de manera casi invisible para el usuario sin molestias y en un breve lapso de tiempo.<\/p>\n<\/div>\n<\/div>\n<\/div>\n<\/div>\n<\/div>\n<\/section>\n<section class=\"kc-elm kc-css-4328541 kc_row\">\n<div class=\"kc-row-container  kc-container\">\n<div class=\"kc-wrap-columns\">\n<div class=\"kc-elm kc-css-439882 kc_col-sm-12 kc_column kc_col-sm-12\">\n<div class=\"kc-col-container\">\n<div class=\"kc-elm kc-css-3494517\" style=\"height: 60px; clear: both; width:100%;\"><\/div>\n<\/div>\n<\/div>\n<\/div>\n<\/div>\n<\/section>\n<section class=\"kc-elm kc-css-180530 kc_row\">\n<div class=\"kc-row-container  kc-container\">\n<div class=\"kc-wrap-columns\">\n<div class=\"kc-elm kc-css-1068901 kc_col-sm-12 kc_column kc_col-sm-12\">\n<div class=\"kc-col-container\">\n<div class=\"kc-elm kc-css-4307435 kc_text_block\">\n<h4><strong>Certificados<\/strong><\/h4>\n<\/div>\n<\/div>\n<\/div>\n<\/div>\n<\/div>\n<\/section>\n<section class=\"kc-elm kc-css-1914619 kc_row\">\n<div class=\"kc-row-container  kc-container\">\n<div class=\"kc-wrap-columns\">\n<div class=\"kc-elm kc-css-650847 kc_col-sm-4 kc_column kc_col-sm-4\">\n<div class=\"kc-col-container\">\n<div class=\"kc-elm kc-css-1748929 kc_shortcode kc_single_image\">\n<p>        <a  href=\"\/wp-content\/uploads\/2017\/02\/2.-Informe-de-Durabilidad-Resina-Epoxi.pdf\" title=\"\" target=\"_blank\"><br \/>\n        <img decoding=\"async\" src=\"\/wp-content\/uploads\/2017\/02\/2.-Informe-de-Durabilidad-Resina-Epoxi-001.jpg\" class=\"\" alt=\"\" alt=\"Informe de Durabilidad de la Resina Epoxi\" \/>    <\/a><\/p>\n<p class=\"scapt\">Informe de Durabilidad de la Resina Epoxi<\/p>\n<\/p><\/div>\n<\/div>\n<\/div>\n<div class=\"kc-elm kc-css-3710806 kc_col-sm-4 kc_column kc_col-sm-4\">\n<div class=\"kc-col-container\">\n<div class=\"kc-elm kc-css-2967897 kc_shortcode kc_single_image\">\n<p>        <a  href=\"\/wp-content\/uploads\/2019\/07\/certificadoactitudsanitaria.pdf\" title=\"\" target=\"_blank\"><br \/>\n        <img decoding=\"async\" src=\"\/wp-content\/uploads\/2019\/07\/certificadosanitario.png\" class=\"\" alt=\"\" alt=\"Certificado de Aptitud Sanitaria\" \/>    <\/a><\/p>\n<p class=\"scapt\">Certificado de Aptitud Sanitaria<\/p>\n<\/p><\/div>\n<\/div>\n<\/div>\n<div class=\"kc-elm kc-css-3945087 kc_col-sm-4 kc_column kc_col-sm-4\">\n<div class=\"kc-col-container\">\n<div class=\"kc-elm kc-css-1353306 kc_shortcode kc_single_image\">\n<p>        <a  href=\"\/wp-content\/uploads\/2019\/03\/Titulo-de-Registro-de-Marca.jpg\" title=\"\" target=\"_blank\"><br \/>\n        <img decoding=\"async\" src=\"\/wp-content\/uploads\/2019\/03\/Titulo-de-Registro-de-Marca.jpg\" class=\"\" alt=\"\" alt=\"Registro De Marca\" \/>    <\/a><\/p>\n<p class=\"scapt\">Registro De Marca<\/p>\n<\/p><\/div>\n<\/div>\n<\/div>\n<\/div>\n<\/div>\n<\/section>\n<section class=\"kc-elm kc-css-3827496 kc_row\">\n<div class=\"kc-row-container  kc-container\">\n<div class=\"kc-wrap-columns\">\n<div class=\"kc-elm kc-css-1164377 kc_col-sm-4 kc_column kc_col-sm-4\">\n<div class=\"kc-col-container\">\n<div class=\"kc-elm kc-css-1807487 kc_shortcode kc_single_image\">\n<p>        <a  href=\"\/wp-content\/uploads\/2017\/02\/5.-Patente-1.jpg\" title=\"\" target=\"_blank\"><br \/>\n        <img decoding=\"async\" src=\"\/wp-content\/uploads\/2017\/02\/5.-Patente.jpg\" class=\"\" alt=\"\" alt=\"Certificado de Patente\" \/>    <\/a><\/p>\n<p class=\"scapt\">Certificado de Patente<\/p>\n<\/p><\/div>\n<\/div>\n<\/div>\n<div class=\"kc-elm kc-css-767835 kc_col-sm-4 kc_column kc_col-sm-4\">\n<div class=\"kc-col-container\">\n<div class=\"kc-elm kc-css-3631643 kc_shortcode kc_single_image\">\n<p>        <a  href=\"\/wp-content\/uploads\/2017\/02\/6.-Ensayo-sobre-resinas-con-gasoil-.pdf\" title=\"\" target=\"_blank\"><br \/>\n        <img decoding=\"async\" src=\"\/wp-content\/uploads\/2017\/02\/6.-Ensayo-sobre-resinas-con-gasoil-001.jpg\" class=\"\" alt=\"\" alt=\"Ensayo Sobre Resinas con Gasoil y Gasolina\" \/>    <\/a><\/p>\n<p class=\"scapt\">Ensayo Sobre Resinas con Gasoil y Gasolina<\/p>\n<\/p><\/div>\n<\/div>\n<\/div>\n<div class=\"kc-elm kc-css-858412 kc_col-sm-4 kc_column kc_col-sm-4\">\n<div class=\"kc-col-container\">\n<div class=\"kc-elm kc-css-2499362 kc_shortcode kc_single_image\">\n<p>        <a  href=\"\/wp-content\/uploads\/2019\/04\/1_Modelo-de-Utilidad-Desag\u00fces.pdf\" title=\"\" target=\"_blank\"><br \/>\n        <img decoding=\"async\" src=\"\/wp-content\/uploads\/2019\/03\/modelo_utilidad_desague_v2.jpg\" class=\"\" alt=\"\" alt=\"Modelo de Utilidad Desag\u00fces\" \/>    <\/a><\/p>\n<p class=\"scapt\">Modelo de Utilidad Desag\u00fces<\/p>\n<\/p><\/div>\n<\/div>\n<\/div>\n<\/div>\n<\/div>\n<\/section>\n<section class=\"kc-elm kc-css-916667 kc_row\">\n<div class=\"kc-row-container  kc-container\">\n<div class=\"kc-wrap-columns\">\n<div class=\"kc-elm kc-css-2099689 kc_col-sm-4 kc_column kc_col-sm-4\">\n<div class=\"kc-col-container\">\n<div class=\"kc-elm kc-css-2841233 kc_shortcode kc_single_image\">\n<p>        <a  href=\"\/wp-content\/uploads\/2019\/04\/1_Modelo-de-Utilidad-Maquinaria.pdf\" title=\"\" target=\"_blank\"><br \/>\n        <img decoding=\"async\" src=\"\/wp-content\/uploads\/2019\/03\/modelo_utilidad_maquinaria_v2.jpg\" class=\"\" alt=\"\" alt=\"Modelo de Utilidad Maquinaria\" \/>    <\/a><\/p>\n<p class=\"scapt\">Modelo de Utilidad Maquinaria<\/p>\n<\/p><\/div>\n<\/div>\n<\/div>\n<div class=\"kc-elm kc-css-1668383 kc_col-sm-4 kc_column kc_col-sm-4\">\n<div class=\"kc-col-container\">\n<div class=\"kc-elm kc-css-1643827 kc_shortcode kc_single_image\">\n<p>        <a  href=\"\/wp-content\/uploads\/2019\/04\/1_Modelo-de-Utilidad-Sistema.pdf\" title=\"\" target=\"_blank\"><br \/>\n        <img decoding=\"async\" src=\"\/wp-content\/uploads\/2019\/03\/modelo_utilidad_sistema_v2.jpg\" class=\"\" alt=\"\" alt=\"Modelo de Utilidad Sistema\" \/>    <\/a><\/p>\n<p class=\"scapt\">Modelo de Utilidad Sistema<\/p>\n<\/p><\/div>\n<\/div>\n<\/div>\n<div class=\"kc-elm kc-css-2826118 kc_col-sm-4 kc_column kc_col-sm-4\">\n<div class=\"kc-col-container\"><\/div>\n<\/div>\n<\/div>\n<\/div>\n<\/section>\n","protected":false},"excerpt":{"rendered":"<p>Grupo Fso es fundado en 2009 en Zaragoza. Actualmente operando\u00a0en\u00a0toda Espa\u00f1a y a nivel internacional. Con cientos de\u00a0trabajos realizados satisfactoriamente a nuestras espaldas, somos una empresa en constante crecimiento y mejora de nuestros servicios empleando y desarrollando para ello la tecnolog\u00eda m\u00e1s puntera. Gracias a nuestros avances y t\u00e9cnicas operamos de manera casi invisible para &hellip; <\/p>\n<p class=\"link-more\"><a href=\"https:\/\/bajantessinobras.com\/?page_id=261\" class=\"more-link\">Continuar leyendo<span class=\"screen-reader-text\"> \u00abAcerca de\u00bb<\/span><\/a><\/p>\n","protected":false},"author":1,"featured_media":0,"parent":0,"menu_order":0,"comment_status":"closed","ping_status":"closed","template":"","meta":{"footnotes":""},"class_list":["post-261","page","type-page","status-publish","hentry"],"_links":{"self":[{"href":"https:\/\/bajantessinobras.com\/index.php?rest_route=\/wp\/v2\/pages\/261","targetHints":{"allow":["GET"]}}],"collection":[{"href":"https:\/\/bajantessinobras.com\/index.php?rest_route=\/wp\/v2\/pages"}],"about":[{"href":"https:\/\/bajantessinobras.com\/index.php?rest_route=\/wp\/v2\/types\/page"}],"author":[{"embeddable":true,"href":"https:\/\/bajantessinobras.com\/index.php?rest_route=\/wp\/v2\/users\/1"}],"replies":[{"embeddable":true,"href":"https:\/\/bajantessinobras.com\/index.php?rest_route=%2Fwp%2Fv2%2Fcomments&post=261"}],"version-history":[{"count":58,"href":"https:\/\/bajantessinobras.com\/index.php?rest_route=\/wp\/v2\/pages\/261\/revisions"}],"predecessor-version":[{"id":4503,"href":"https:\/\/bajantessinobras.com\/index.php?rest_route=\/wp\/v2\/pages\/261\/revisions\/4503"}],"wp:attachment":[{"href":"https:\/\/bajantessinobras.com\/index.php?rest_route=%2Fwp%2Fv2%2Fmedia&parent=261"}],"curies":[{"name":"wp","href":"https:\/\/api.w.org\/{rel}","templated":true}]}}