{"id":271,"date":"2016-12-17T15:52:19","date_gmt":"2016-12-17T15:52:19","guid":{"rendered":"http:\/\/bajantessinobras.com\/?page_id=271"},"modified":"2025-07-17T14:48:09","modified_gmt":"2025-07-17T14:48:09","slug":"contacto","status":"publish","type":"page","link":"https:\/\/bajantessinobras.com\/?page_id=271","title":{"rendered":"Contacto"},"content":{"rendered":"<style type=\"text\/css\">@media only screen and (min-width: 1000px) and (max-width: 5000px){body.kc-css-system .kc-css-2547182{width: 59.8%;}body.kc-css-system .kc-css-497705{width: 40.19%;}}body.kc-css-system .kc-css-1396495 ,body.kc-css-system .kc-css-1396495 p{text-align: justify;}<\/style>\n<section class=\"kc-elm kc-css-2355199 kc_row\">\n<div class=\"kc-row-container  kc-container\">\n<div class=\"kc-wrap-columns\">\n<div class=\"kc-elm kc-css-1722219 kc_col-sm-12 kc_column kc_col-sm-12\">\n<div class=\"kc-col-container\">\n<div class=\"kc-elm kc-css-3760343 kc_shortcode kc_single_image\">\n<p>        <img decoding=\"async\" src=\"\/wp-content\/uploads\/2016\/12\/contacto.jpg\" class=\"\" alt=\"\" \/>    <\/div>\n<div class=\"kc-elm kc-css-2800492\" style=\"height: 49px; clear: both; width:100%;\"><\/div>\n<\/div>\n<\/div>\n<\/div>\n<\/div>\n<\/section>\n<section class=\"kc-elm kc-css-4276352 kc_row\">\n<div class=\"kc-row-container  kc-container\">\n<div class=\"kc-wrap-columns\">\n<div class=\"kc-elm kc-css-2547182 kc_col-sm-7 kc_column kc_col-sm-7\">\n<div class=\"kc-col-container\">\n<div class=\"kc-elm kc-css-1396495 kc_text_block\">\n<p>Para cualquier duda o pregunta que pueda tener p\u00f3ngase en contacto con nosotros a trav\u00e9s del numero de contacto o m\u00e1ndenos un Email.<\/p>\n<p><strong>Servicio a toda Espa\u00f1a.<\/strong><\/p>\n<\/div>\n<\/div>\n<\/div>\n<div class=\"kc-elm kc-css-497705 kc_col-sm-5 kc_column kc_col-sm-5\">\n<div class=\"kc-col-container\">\n<div class=\"kc-elm kc-css-4358754 kc_text_block\">\n<p><strong>Tel\u00e9fonos:<\/strong><br \/>\n<strong>976 132 424 &#8211; Zona Noroeste<br \/>\n916 845 616 &#8211; Zona Centro<br \/>\n685 847 844 &#8211; Zona Norte<br \/>\n655 763 218 &#8211;\u00a0<b>Andaluc\u00eda Oriental\u00a0<\/b><br \/>\n651 834 494 &#8211; <b>Andaluc\u00eda Occidental<\/b><br \/>\n651 834 498 &#8211; <b>Andaluc\u00eda Occidental<br \/>\n609 908 384\u00a0 &#8211; M\u00e1laga<\/b><br \/>\n672 164 114 &#8211; Canarias<br \/>\n663 119 404 &#8211; Baleares<br \/>\n689 341 744\u00a0&#8211; Levante<br \/>\n660 847 475 &#8211; Levante\u00a0\u00a0<\/strong><br \/>\n<strong>Email:<\/strong><br \/>\n<strong><a href=\"mailto:info@fontaneriasinobras.es ?subject=FSO%20Correo_desde_Web\"><span style=\"color: red;\">info@fontaneriasinobras.es<\/span><\/a><\/strong><\/p>\n<\/div>\n<\/div>\n<\/div>\n<\/div>\n<\/div>\n<\/section>\n","protected":false},"excerpt":{"rendered":"<p>Para cualquier duda o pregunta que pueda tener p\u00f3ngase en contacto con nosotros a trav\u00e9s del numero de contacto o m\u00e1ndenos un Email. Servicio a toda Espa\u00f1a. Tel\u00e9fonos: 976 132 424 &#8211; Zona Noroeste 916 845 616 &#8211; Zona Centro 685 847 844 &#8211; Zona Norte 655 763 218 &#8211;\u00a0Andaluc\u00eda Oriental\u00a0 651 834 494 &#8211; &hellip; <\/p>\n<p class=\"link-more\"><a href=\"https:\/\/bajantessinobras.com\/?page_id=271\" class=\"more-link\">Continuar leyendo<span class=\"screen-reader-text\"> \u00abContacto\u00bb<\/span><\/a><\/p>\n","protected":false},"author":1,"featured_media":0,"parent":0,"menu_order":0,"comment_status":"closed","ping_status":"closed","template":"","meta":{"footnotes":""},"class_list":["post-271","page","type-page","status-publish","hentry"],"_links":{"self":[{"href":"https:\/\/bajantessinobras.com\/index.php?rest_route=\/wp\/v2\/pages\/271","targetHints":{"allow":["GET"]}}],"collection":[{"href":"https:\/\/bajantessinobras.com\/index.php?rest_route=\/wp\/v2\/pages"}],"about":[{"href":"https:\/\/bajantessinobras.com\/index.php?rest_route=\/wp\/v2\/types\/page"}],"author":[{"embeddable":true,"href":"https:\/\/bajantessinobras.com\/index.php?rest_route=\/wp\/v2\/users\/1"}],"replies":[{"embeddable":true,"href":"https:\/\/bajantessinobras.com\/index.php?rest_route=%2Fwp%2Fv2%2Fcomments&post=271"}],"version-history":[{"count":28,"href":"https:\/\/bajantessinobras.com\/index.php?rest_route=\/wp\/v2\/pages\/271\/revisions"}],"predecessor-version":[{"id":4778,"href":"https:\/\/bajantessinobras.com\/index.php?rest_route=\/wp\/v2\/pages\/271\/revisions\/4778"}],"wp:attachment":[{"href":"https:\/\/bajantessinobras.com\/index.php?rest_route=%2Fwp%2Fv2%2Fmedia&parent=271"}],"curies":[{"name":"wp","href":"https:\/\/api.w.org\/{rel}","templated":true}]}}