{"id":4059,"date":"2017-05-08T12:54:58","date_gmt":"2017-05-08T12:54:58","guid":{"rendered":"http:\/\/bajantessinobras.com\/?page_id=4059"},"modified":"2017-05-13T13:13:28","modified_gmt":"2017-05-13T13:13:28","slug":"depositos","status":"publish","type":"page","link":"https:\/\/bajantessinobras.com\/?page_id=4059","title":{"rendered":"Dep\u00f3sitos"},"content":{"rendered":"<style type=\"text\/css\">@media only screen and (min-width: 1000px) and (max-width: 5000px){body.kc-css-system .kc-css-1110225{width: 20.22%;}body.kc-css-system .kc-css-3505505{width: 79.77%;}body.kc-css-system .kc-css-1423924{width: 20.22%;}body.kc-css-system .kc-css-983177{width: 79.77%;}body.kc-css-system .kc-css-1656914{width: 20.22%;}body.kc-css-system .kc-css-3974737{width: 79.77%;}body.kc-css-system .kc-css-4333323{width: 20.22%;}body.kc-css-system .kc-css-2612712{width: 79.77%;}}body.kc-css-system .kc-css-1101154 img{border: 2px solid #1e73be;}body.kc-css-system .kc-css-2712918 img{border: 2px solid #1e73be;}body.kc-css-system .kc-css-3916858 img{border: 2px solid #1e73be;}body.kc-css-system .kc-css-3277161 img{border: 2px solid #1e73be;}body.kc-css-system .kc-css-1220966{text-align: center;}<\/style>\n<section class=\"kc-elm kc-css-1195568 kc_row\">\n<div class=\"kc-row-container  kc-container\">\n<div class=\"kc-wrap-columns\">\n<div class=\"kc-elm kc-css-368588 kc_col-sm-12 kc_column kc_col-sm-12\">\n<div class=\"kc-col-container\">\n<div class=\"kc-elm kc-css-207625 kc_shortcode kc_single_image\">\n<p>        <img decoding=\"async\" src=\"\/wp-content\/uploads\/2017\/02\/Banner-Inicio-con-logo.jpg\" class=\"\" alt=\"\" \/>    <\/div>\n<\/div>\n<\/div>\n<\/div>\n<\/div>\n<\/section>\n<section class=\"kc-elm kc-css-101750 kc_row\">\n<div class=\"kc-row-container  kc-container\">\n<div class=\"kc-wrap-columns\">\n<div class=\"kc-elm kc-css-351218 kc_col-sm-12 kc_column kc_col-sm-12\">\n<div class=\"kc-col-container\">\n<div class=\"kc-elm kc-css-3503955\" style=\"height: 0px; clear: both; width:100%;\"><\/div>\n<\/div>\n<\/div>\n<\/div>\n<\/div>\n<\/section>\n<section class=\"kc-elm kc-css-33604 kc_row\">\n<div class=\"kc-row-container  kc-container\">\n<div class=\"kc-wrap-columns\">\n<div class=\"kc-elm kc-css-936601 kc_column kc_col-sm-12\">\n<div class=\"kc-col-container\">\n<div class=\"kc-elm kc-css-3245196 kc_text_block\">\n<p>Dep\u00f3sitos, sus problemas y nuestras soluciones.<\/p>\n<\/div>\n<\/div>\n<\/div>\n<\/div>\n<\/div>\n<\/section>\n<section class=\"kc-elm kc-css-3018600 kc_row\">\n<div class=\"kc-row-container  kc-container\">\n<div class=\"kc-wrap-columns\">\n<div class=\"kc-elm kc-css-897254 kc_column kc_col-sm-12\">\n<div class=\"kc-col-container\">\n<div class=\"kc-elm kc-css-3568468\" style=\"height: 20px; clear: both; width:100%;\"><\/div>\n<\/div>\n<\/div>\n<\/div>\n<\/div>\n<\/section>\n<section class=\"kc-elm kc-css-1725269 kc_row\">\n<div class=\"kc-row-container  kc-container\">\n<div class=\"kc-wrap-columns\">\n<div class=\"kc-elm kc-css-4194708 kc_column kc_col-sm-12\">\n<div class=\"kc-col-container\">\n<div class=\"kc-elm kc-css-629719 kc_text_block\">\n<p>Debido al paso del tiempo, los dep\u00f3sitos tienden a deteriorarse hasta el punto de romperse y presentar fisuras que conllevan fugas del l\u00edquido que conten\u00edan, as\u00ed como contacto no deseado con el exterior.<\/p>\n<p>Adem\u00e1s de las posibles roturas, los malos olores tienden a aparecer a causa de la desaparici\u00f3n del material usado en el interior del dep\u00f3sito, haciendo que<br \/>\nincluso toda la zona circundante al mismo se convierta en un problema.<\/p>\n<p>A la conjunci\u00f3n de ambos problemas suele sumarse la generaci\u00f3n de corrosi\u00f3n en las paredes y fondo del dep\u00f3sito. Dicha corrosi\u00f3n facilita la presencia de bacterias t\u00f3xicas, que pueden llegar a comprometer gravemente en la salubridad.<\/p>\n<\/div>\n<\/div>\n<\/div>\n<\/div>\n<\/div>\n<\/section>\n<section class=\"kc-elm kc-css-306593 kc_row\">\n<div class=\"kc-row-container  kc-container\">\n<div class=\"kc-wrap-columns\">\n<div class=\"kc-elm kc-css-3577334 kc_column kc_col-sm-12\">\n<div class=\"kc-col-container\">\n<div class=\"kc-elm kc-css-740893 kc_text_block\">\n<p>\u00bfC\u00f3mo restauramos un dep\u00f3sito en mal estado?<\/p>\n<\/div>\n<\/div>\n<\/div>\n<\/div>\n<\/div>\n<\/section>\n<section class=\"kc-elm kc-css-1823073 kc_row\">\n<div class=\"kc-row-container  kc-container\">\n<div class=\"kc-wrap-columns\">\n<div class=\"kc-elm kc-css-1110225 kc_col-of-5 kc_column kc_col-of-5\">\n<div class=\"kc-col-container\">\n<div class=\"kc-elm kc-css-1101154 kc_shortcode kc_single_image\">\n<p>        <img decoding=\"async\" src=\"\/wp-content\/uploads\/2017\/05\/deposito-1.jpg\" class=\"\" alt=\"\" \/>    <\/div>\n<\/div>\n<\/div>\n<div class=\"kc-elm kc-css-3505505 kc_col-sm-10 kc_column kc_col-sm-10\">\n<div class=\"kc-col-container\">\n<div class=\"kc-elm kc-css-2471802 kc_text_block\">\n<p>1 &#8211; Secado del dep\u00f3sito. Primero se drena el agua del dep\u00f3sito hasta conseguir dejar la menor cantidad de agua posible.<br \/>\nSiempre suelen quedar rastros de agua y humedades en las impurezas, por ello realizamos tras el drenaje un secado mediante aire despresurizado a una temperatura de 70\u00baC.<br \/>\nDe esta manera aceleramos la cristalizaci\u00f3n de las impurezas, dejandolo preparado y listo para los siguientes pasos del proceso.<\/p>\n<\/div>\n<\/div>\n<\/div>\n<\/div>\n<\/div>\n<\/section>\n<section class=\"kc-elm kc-css-1835594 kc_row\">\n<div class=\"kc-row-container  kc-container\">\n<div class=\"kc-wrap-columns\">\n<div class=\"kc-elm kc-css-4159348 kc_col-sm-12 kc_column kc_col-sm-12\">\n<div class=\"kc-col-container\">\n<div class=\"kc-elm kc-css-457905\" style=\"height: 10px; clear: both; width:100%;\"><\/div>\n<\/div>\n<\/div>\n<\/div>\n<\/div>\n<\/section>\n<section class=\"kc-elm kc-css-3184358 kc_row\">\n<div class=\"kc-row-container  kc-container\">\n<div class=\"kc-wrap-columns\">\n<div class=\"kc-elm kc-css-1423924 kc_col-of-5 kc_column kc_col-of-5\">\n<div class=\"kc-col-container\">\n<div class=\"kc-elm kc-css-2712918 kc_shortcode kc_single_image\">\n<p>        <img decoding=\"async\" src=\"\/wp-content\/uploads\/2017\/05\/deposito-2.jpg\" class=\"\" alt=\"\" \/>    <\/div>\n<\/div>\n<\/div>\n<div class=\"kc-elm kc-css-983177 kc_col-sm-10 kc_column kc_col-sm-10\">\n<div class=\"kc-col-container\">\n<div class=\"kc-elm kc-css-251347 kc_text_block\">\n<p>2 &#8211; Limpieza Interior. Se efectua la limpieza del habit\u00e1culo interior del dep\u00f3sito a tratar, inyectando un chorreado de arena a presi\u00f3n, mediante un soplado de aire.<br \/>\nDe esta manera se elimina cualquier particula de impurezas y oxido que pudiera permanecer en el interior del dep\u00f3sito. Dejando este como se encontraba en un origen. Preparado as\u00ed para poder recubrir su interior con resina y realizar el proceso FSO con total garantia.<\/p>\n<\/div>\n<\/div>\n<\/div>\n<\/div>\n<\/div>\n<\/section>\n<section class=\"kc-elm kc-css-3885452 kc_row\">\n<div class=\"kc-row-container  kc-container\">\n<div class=\"kc-wrap-columns\">\n<div class=\"kc-elm kc-css-1328730 kc_col-sm-12 kc_column kc_col-sm-12\">\n<div class=\"kc-col-container\">\n<div class=\"kc-elm kc-css-435938\" style=\"height: 20px; clear: both; width:100%;\"><\/div>\n<\/div>\n<\/div>\n<\/div>\n<\/div>\n<\/section>\n<section class=\"kc-elm kc-css-3964167 kc_row\">\n<div class=\"kc-row-container  kc-container\">\n<div class=\"kc-wrap-columns\">\n<div class=\"kc-elm kc-css-1656914 kc_col-of-5 kc_column kc_col-of-5\">\n<div class=\"kc-col-container\">\n<div class=\"kc-elm kc-css-3916858 kc_shortcode kc_single_image\">\n<p>        <img decoding=\"async\" src=\"\/wp-content\/uploads\/2017\/05\/deposito-3.jpg\" class=\"\" alt=\"\" \/>    <\/div>\n<\/div>\n<\/div>\n<div class=\"kc-elm kc-css-3974737 kc_col-sm-10 kc_column kc_col-sm-10\">\n<div class=\"kc-col-container\">\n<div class=\"kc-elm kc-css-2570481 kc_text_block\">\n<p>3 &#8211; Resinado. Se procede a la restauraci\u00f3n del dep\u00f3sito aplicando una capa uniforme. Dandole un espesor personalizado, dependiendo del estado de sus paredes interiores.<br \/>\nNuestra aplicaci\u00f3n consta de una mezcla de un pol\u00edmero (resina) con un catalizador, cuya mezcla cumple todas las normativas UE sanitarias y alimentarias.<\/p>\n<\/div>\n<\/div>\n<\/div>\n<\/div>\n<\/div>\n<\/section>\n<section class=\"kc-elm kc-css-2799807 kc_row\">\n<div class=\"kc-row-container  kc-container\">\n<div class=\"kc-wrap-columns\">\n<div class=\"kc-elm kc-css-2631089 kc_col-sm-12 kc_column kc_col-sm-12\">\n<div class=\"kc-col-container\">\n<div class=\"kc-elm kc-css-3444701\" style=\"height: 30px; clear: both; width:100%;\"><\/div>\n<\/div>\n<\/div>\n<\/div>\n<\/div>\n<\/section>\n<section class=\"kc-elm kc-css-2006028 kc_row\">\n<div class=\"kc-row-container  kc-container\">\n<div class=\"kc-wrap-columns\">\n<div class=\"kc-elm kc-css-4333323 kc_col-of-5 kc_column kc_col-of-5\">\n<div class=\"kc-col-container\">\n<div class=\"kc-elm kc-css-3277161 kc_shortcode kc_single_image\">\n<p>        <img decoding=\"async\" src=\"\/wp-content\/uploads\/2017\/05\/deposito-4.jpg\" class=\"\" alt=\"\" \/>    <\/div>\n<\/div>\n<\/div>\n<div class=\"kc-elm kc-css-2612712 kc_col-sm-10 kc_column kc_col-sm-10\">\n<div class=\"kc-col-container\">\n<div class=\"kc-elm kc-css-277669 kc_text_block\">\n<p>4 &#8211; Curaci\u00f3n de la Resina. El tiempo necesario para la curaci\u00f3n de la resina es inferior a las 24 horas tras su inyectado, por lo que se podr\u00e1 rellenar y poner en marcha el dep\u00f3sito nuevamente tras solo 24 horas de su restauraci\u00f3n.<\/p>\n<\/div>\n<\/div>\n<\/div>\n<\/div>\n<\/div>\n<\/section>\n<section class=\"kc-elm kc-css-2492248 kc_row\">\n<div class=\"kc-row-container  kc-container\">\n<div class=\"kc-wrap-columns\">\n<div class=\"kc-elm kc-css-3330570 kc_col-sm-12 kc_column kc_col-sm-12\">\n<div class=\"kc-col-container\">\n<div class=\"kc-elm kc-css-2077708\" style=\"height: 61px; clear: both; width:100%;\"><\/div>\n<\/div>\n<\/div>\n<\/div>\n<\/div>\n<\/section>\n<section class=\"kc-elm kc-css-3579438 kc_row\">\n<div class=\"kc-row-container  kc-container\">\n<div class=\"kc-wrap-columns\">\n<div class=\"kc-elm kc-css-69476 kc_col-sm-12 kc_column kc_col-sm-12\">\n<div class=\"kc-col-container\">\n<div class=\"kc-elm kc-css-1220966 kc_shortcode kc_video_play kc_video_wrapper\" data-video=\"https:\/\/youtu.be\/nFLKHUqLXnE\" data-width=\"600\" data-height=\"338.98305084746\" data-fullwidth=\"\" data-autoplay=\"\">\n\t\t\t<\/div>\n<\/div>\n<\/div>\n<\/div>\n<\/div>\n<\/section>\n","protected":false},"excerpt":{"rendered":"<p>Dep\u00f3sitos, sus problemas y nuestras soluciones. Debido al paso del tiempo, los dep\u00f3sitos tienden a deteriorarse hasta el punto de romperse y presentar fisuras que conllevan fugas del l\u00edquido que conten\u00edan, as\u00ed como contacto no deseado con el exterior. Adem\u00e1s de las posibles roturas, los malos olores tienden a aparecer a causa de la desaparici\u00f3n &hellip; <\/p>\n<p class=\"link-more\"><a href=\"https:\/\/bajantessinobras.com\/?page_id=4059\" class=\"more-link\">Continuar leyendo<span class=\"screen-reader-text\"> \u00abDep\u00f3sitos\u00bb<\/span><\/a><\/p>\n","protected":false},"author":1,"featured_media":0,"parent":0,"menu_order":0,"comment_status":"closed","ping_status":"closed","template":"","meta":{"footnotes":""},"class_list":["post-4059","page","type-page","status-publish","hentry"],"_links":{"self":[{"href":"https:\/\/bajantessinobras.com\/index.php?rest_route=\/wp\/v2\/pages\/4059","targetHints":{"allow":["GET"]}}],"collection":[{"href":"https:\/\/bajantessinobras.com\/index.php?rest_route=\/wp\/v2\/pages"}],"about":[{"href":"https:\/\/bajantessinobras.com\/index.php?rest_route=\/wp\/v2\/types\/page"}],"author":[{"embeddable":true,"href":"https:\/\/bajantessinobras.com\/index.php?rest_route=\/wp\/v2\/users\/1"}],"replies":[{"embeddable":true,"href":"https:\/\/bajantessinobras.com\/index.php?rest_route=%2Fwp%2Fv2%2Fcomments&post=4059"}],"version-history":[{"count":14,"href":"https:\/\/bajantessinobras.com\/index.php?rest_route=\/wp\/v2\/pages\/4059\/revisions"}],"predecessor-version":[{"id":4083,"href":"https:\/\/bajantessinobras.com\/index.php?rest_route=\/wp\/v2\/pages\/4059\/revisions\/4083"}],"wp:attachment":[{"href":"https:\/\/bajantessinobras.com\/index.php?rest_route=%2Fwp%2Fv2%2Fmedia&parent=4059"}],"curies":[{"name":"wp","href":"https:\/\/api.w.org\/{rel}","templated":true}]}}