{"id":991,"date":"2017-02-06T23:21:01","date_gmt":"2017-02-06T23:21:01","guid":{"rendered":"http:\/\/bajantessinobras.com\/?page_id=991"},"modified":"2017-03-03T22:37:50","modified_gmt":"2017-03-03T22:37:50","slug":"metodo-bajante","status":"publish","type":"page","link":"https:\/\/bajantessinobras.com\/?page_id=991","title":{"rendered":"Metodo y Galer\u00eda &#8211; Bajante"},"content":{"rendered":"<style type=\"text\/css\">@media only screen and (min-width: 1000px) and (max-width: 5000px){body.kc-css-system .kc-css-1444852{width: 60.35%;}body.kc-css-system .kc-css-2594013{width: 39.64%;}body.kc-css-system .kc-css-3264467{width: 60.35%;}body.kc-css-system .kc-css-32834{width: 39.64%;}body.kc-css-system .kc-css-3233745{width: 60.35%;}body.kc-css-system .kc-css-1428829{width: 39.64%;}body.kc-css-system .kc-css-438973{width: 60.35%;}body.kc-css-system .kc-css-69117{width: 39.64%;}body.kc-css-system .kc-css-364552{width: 60.35%;}body.kc-css-system .kc-css-3407615{width: 39.64%;}body.kc-css-system .kc-css-1279325{width: 60.35%;}body.kc-css-system .kc-css-2849191{width: 39.64%;}}body.kc-css-system .kc-css-1182656 .kc_accordion_header a{font-weight: 800;}body.kc-css-system .kc-css-1182656 .kc_accordion_header{;}body.kc-css-system .kc-css-1485241 .kc_accordion_header a{font-weight: 800;}body.kc-css-system .kc-css-4016096 .kc_accordion_header a{font-weight: 800;}body.kc-css-system .kc-css-3376893 .kc_accordion_header a{font-weight: 800;}body.kc-css-system .kc-css-1297599{text-align: center;}body.kc-css-system .kc-css-992630 .kc_accordion_header a{font-weight: 800;}body.kc-css-system .kc-css-1915746{text-align: center;}body.kc-css-system .kc-css-1510931 .kc_accordion_header a{font-weight: 800;}body.kc-css-system .kc-css-2272624{text-align: left;}<\/style>\n<section class=\"kc-elm kc-css-873715 kc_row\">\n<div class=\"kc-row-container  kc-container\">\n<div class=\"kc-wrap-columns\">\n<div class=\"kc-elm kc-css-1395724 kc_col-sm-12 kc_column kc_col-sm-12\">\n<div class=\"kc-col-container\">\n<div class=\"kc-elm kc-css-3784886 kc_shortcode kc_single_image\">\n<p>        <img decoding=\"async\" src=\"\/wp-content\/uploads\/2017\/02\/Banner-Metodo-borde-negro.jpg\" class=\"\" alt=\"\" \/>    <\/div>\n<\/div>\n<\/div>\n<\/div>\n<\/div>\n<\/section>\n<section class=\"kc-elm kc-css-725402 kc_row\">\n<div class=\"kc-row-container  kc-container\">\n<div class=\"kc-wrap-columns\">\n<div class=\"kc-elm kc-css-3900888 kc_col-sm-12 kc_column kc_col-sm-12\">\n<div class=\"kc-col-container\">\n<div class=\"kc-elm kc-css-4270346\" style=\"height: 30px; clear: both; width:100%;\"><\/div>\n<\/div>\n<\/div>\n<\/div>\n<\/div>\n<\/section>\n<section class=\"kc-elm kc-css-4320799 kc_row\">\n<div class=\"kc-row-container  kc-container\">\n<div class=\"kc-wrap-columns\">\n<div class=\"kc-elm kc-css-1444852 kc_col-sm-7 kc_column kc_col-sm-7\">\n<div class=\"kc-col-container\">\n<div class=\"kc-elm kc-css-802869 kc_shortcode kc_single_image\">\n<p>        <img decoding=\"async\" src=\"\/wp-content\/uploads\/2017\/02\/Esquema-1-tejado.jpg\" class=\"\" alt=\"\" \/>    <\/div>\n<\/div>\n<\/div>\n<div class=\"kc-elm kc-css-2594013 kc_col-sm-5 kc_column kc_col-sm-5\">\n<div class=\"kc-col-container\">\n<div data-allowopenall=\"true\" data-closeall=\"true\" class=\"kc-elm kc-css-1182656 kc_accordion_wrapper\">\n<div class=\"kc-elm kc-css-2384786 kc_accordion_section group \">\n<h3 class=\"kc_accordion_header ui-accordion-header\"><span class=\"ui-accordion-header-icon ui-icon\"><\/span><a href=\"#planificacion\" data-prevent=\"scroll\"><i class=\"\"><\/i> Planificaci\u00f3n<\/a><\/h3>\n<div class=\"kc_accordion_content ui-accordion-content kc_clearfix\">\n<div class=\"kc-panel-body\">\n<div class=\"kc-elm kc-css-837299 kc_text_block\">\n<p>En primer lugar se planifica y detalla el proceso y su tiempo de ejecuci\u00f3n, estudiando los par\u00e1metros del sistema de canalizaciones a restaurar (facilidad de acceso, estructura y naturaleza del material).<\/p>\n<\/div>\n<\/div>\n<\/div>\n<\/div>\n<\/div>\n<\/div>\n<\/div>\n<\/div>\n<\/div>\n<\/section>\n<section class=\"kc-elm kc-css-886030 kc_row\">\n<div class=\"kc-row-container  kc-container\">\n<div class=\"kc-wrap-columns\">\n<div class=\"kc-elm kc-css-3264467 kc_col-sm-7 kc_column kc_col-sm-7\">\n<div class=\"kc-col-container\">\n<div class=\"kc-elm kc-css-2799003 kc_shortcode kc_single_image\">\n<p>        <img decoding=\"async\" src=\"\/wp-content\/uploads\/2017\/03\/Esquema-limpieza.jpg\" class=\"\" alt=\"\" \/>    <\/div>\n<\/div>\n<\/div>\n<div class=\"kc-elm kc-css-32834 kc_col-sm-5 kc_column kc_col-sm-5\">\n<div class=\"kc-col-container\">\n<div data-allowopenall=\"true\" data-closeall=\"true\" class=\"kc-elm kc-css-1485241 kc_accordion_wrapper\">\n<div class=\"kc-elm kc-css-4069727 kc_accordion_section group \">\n<h3 class=\"kc_accordion_header ui-accordion-header\"><span class=\"ui-accordion-header-icon ui-icon\"><\/span><a href=\"#acceso-y-limpieza\" data-prevent=\"scroll\"><i class=\"\"><\/i> Acceso y limpieza<\/a><\/h3>\n<div class=\"kc_accordion_content ui-accordion-content kc_clearfix\">\n<div class=\"kc-panel-body\">\n<div class=\"kc-elm kc-css-1092874 kc_text_block\">\n<p>Tras proteger adecuadamente la superficie de trabajo, se limpian las bajantes y sus derivaciones, manguetones y colectores, con el fin de eliminar cualquier residuo que pudiera interferir en las siguientes etapas. Para la realizaci\u00f3n de este proceso de limpieza se utiliza un robot rotatorio provisto de cepillos que eliminar\u00e1 la suciedad sin da\u00f1ar el interior de las canalizaciones.<\/p>\n<\/div>\n<\/div>\n<\/div>\n<\/div>\n<\/div>\n<\/div>\n<\/div>\n<\/div>\n<\/div>\n<\/section>\n<section class=\"kc-elm kc-css-3505475 kc_row\">\n<div class=\"kc-row-container  kc-container\">\n<div class=\"kc-wrap-columns\">\n<div class=\"kc-elm kc-css-3233745 kc_col-sm-7 kc_column kc_col-sm-7\">\n<div class=\"kc-col-container\">\n<div class=\"kc-elm kc-css-1386719 kc_shortcode kc_single_image\">\n<p>        <img decoding=\"async\" src=\"\/wp-content\/uploads\/2017\/02\/Esquema-3-limpieza-bajante.jpg\" class=\"\" alt=\"\" \/>    <\/div>\n<\/div>\n<\/div>\n<div class=\"kc-elm kc-css-1428829 kc_col-sm-5 kc_column kc_col-sm-5\">\n<div class=\"kc-col-container\">\n<div data-allowopenall=\"true\" data-closeall=\"true\" class=\"kc-elm kc-css-4016096 kc_accordion_wrapper\">\n<div class=\"kc-elm kc-css-1255753 kc_accordion_section group \">\n<h3 class=\"kc_accordion_header ui-accordion-header\"><span class=\"ui-accordion-header-icon ui-icon\"><\/span><a href=\"#inspeccion-previa\" data-prevent=\"scroll\"><i class=\"\"><\/i> Inspecci\u00f3n Previa<\/a><\/h3>\n<div class=\"kc_accordion_content ui-accordion-content kc_clearfix\">\n<div class=\"kc-panel-body\">\n<div class=\"kc-elm kc-css-666607 kc_text_block\">\n<p>Mediante c\u00e1maras borosc\u00f3picas se realiza una inspecci\u00f3n preliminar de las canalizaciones, en busca de aver\u00edas mayores que impidan el proceso de restauraci\u00f3n. En caso de que tales aver\u00edas surjan, disponemos de nuestro propio sistema de reparaci\u00f3n que deber\u00e1 ser aplicado antes de proceder al encamisado interno.<\/p>\n<\/div>\n<\/div>\n<\/div>\n<\/div>\n<\/div>\n<\/div>\n<\/div>\n<\/div>\n<\/div>\n<\/section>\n<section class=\"kc-elm kc-css-4135011 kc_row\">\n<div class=\"kc-row-container  kc-container\">\n<div class=\"kc-wrap-columns\">\n<div class=\"kc-elm kc-css-438973 kc_col-sm-7 kc_column kc_col-sm-7\">\n<div class=\"kc-col-container\">\n<div class=\"kc-elm kc-css-1524438 kc_shortcode kc_single_image\">\n<p>        <img decoding=\"async\" src=\"\/wp-content\/uploads\/2017\/03\/Esquema-encamisado.jpg\" class=\"\" alt=\"\" \/>    <\/div>\n<\/div>\n<\/div>\n<div class=\"kc-elm kc-css-69117 kc_col-sm-5 kc_column kc_col-sm-5\">\n<div class=\"kc-col-container\">\n<div data-allowopenall=\"true\" data-closeall=\"true\" class=\"kc-elm kc-css-3376893 kc_accordion_wrapper\">\n<div class=\"kc-elm kc-css-3117875 kc_accordion_section group \">\n<h3 class=\"kc_accordion_header ui-accordion-header\"><span class=\"ui-accordion-header-icon ui-icon\"><\/span><a href=\"#encamisado-interno\" data-prevent=\"scroll\"><i class=\"\"><\/i> Encamisado Interno<\/a><\/h3>\n<div class=\"kc_accordion_content ui-accordion-content kc_clearfix\">\n<div class=\"kc-panel-body\">\n<div class=\"kc-elm kc-css-994749 kc_text_block\">\n<p>\u00c9ste es la parte m\u00e1s importante de nuestro trabajo. Un rotor de pulverizaci\u00f3n\u00a0 crea las nuevas canalizaciones desde el interior de las ya existentes. El resultado es un encamisado interno de 4mm. de espesor, resistente a la erosion y a la abrasi\u00f3n. \u00c9ste proceso se puede aplicar sobre tuber\u00edas y canalizaciones de cualquier material y caudal (desde 63 hasta 1000 mm. de di\u00e1metro), ya sean internas o sobre fachada.<\/p>\n<\/div>\n<\/div>\n<\/div>\n<\/div>\n<\/div>\n<\/div>\n<\/div>\n<\/div>\n<\/div>\n<\/section>\n<section class=\"kc-elm kc-css-706201 kc_row\">\n<div class=\"kc-row-container  kc-container\">\n<div class=\"kc-wrap-columns\">\n<div class=\"kc-elm kc-css-364552 kc_col-sm-7 kc_column kc_col-sm-7\">\n<div class=\"kc-col-container\">\n<div class=\"kc-elm kc-css-1297599 kc_shortcode kc_single_image\">\n<p>        <img decoding=\"async\" src=\"\/wp-content\/uploads\/2017\/02\/Medidor-con-marco.jpg\" class=\"\" alt=\"\" \/>    <\/div>\n<\/div>\n<\/div>\n<div class=\"kc-elm kc-css-3407615 kc_col-sm-5 kc_column kc_col-sm-5\">\n<div class=\"kc-col-container\">\n<div data-allowopenall=\"true\" data-closeall=\"true\" class=\"kc-elm kc-css-992630 kc_accordion_wrapper\">\n<div class=\"kc-elm kc-css-3481904 kc_accordion_section group \">\n<h3 class=\"kc_accordion_header ui-accordion-header\"><span class=\"ui-accordion-header-icon ui-icon\"><\/span><a href=\"#inspeccion-y-documentacion\" data-prevent=\"scroll\"><i class=\"\"><\/i> Inspecci\u00f3n y Documentaci\u00f3n<\/a><\/h3>\n<div class=\"kc_accordion_content ui-accordion-content kc_clearfix\">\n<div class=\"kc-panel-body\">\n<div class=\"kc-elm kc-css-160092 kc_text_block\">\n<p>Tras una espera de solo 2 horas hasta el completo secado realizamos nuvamente una video-inspecci\u00f3n borosc\u00f3pica, para comprobar que el proceso de encamisado se ha desarrollado correctamente sobre el 100% de la superficie interna de las canalizaciones y con un espesor uniforme. Las im\u00e1genes captadas ser\u00e1n almacenadas en un DVD que formar\u00e1 parte de la documentaci\u00f3n que certifica y garantiza el proceso.<\/p>\n<\/div>\n<\/div>\n<\/div>\n<\/div>\n<\/div>\n<\/div>\n<\/div>\n<\/div>\n<\/div>\n<\/section>\n<section class=\"kc-elm kc-css-4186258 kc_row\">\n<div class=\"kc-row-container  kc-container\">\n<div class=\"kc-wrap-columns\">\n<div class=\"kc-elm kc-css-1279325 kc_col-sm-7 kc_column kc_col-sm-7\">\n<div class=\"kc-col-container\">\n<div class=\"kc-elm kc-css-1915746 kc_shortcode kc_single_image\">\n<p>        <img decoding=\"async\" src=\"\/wp-content\/uploads\/2017\/02\/Finalizado-con-marco.jpg\" class=\"\" alt=\"\" \/>    <\/div>\n<\/div>\n<\/div>\n<div class=\"kc-elm kc-css-2849191 kc_col-sm-5 kc_column kc_col-sm-5\">\n<div class=\"kc-col-container\">\n<div data-allowopenall=\"true\" data-closeall=\"true\" class=\"kc-elm kc-css-1510931 kc_accordion_wrapper\">\n<div class=\"kc-elm kc-css-3713511 kc_accordion_section group \">\n<h3 class=\"kc_accordion_header ui-accordion-header\"><span class=\"ui-accordion-header-icon ui-icon\"><\/span><a href=\"#limpieza-y-finalizacion\" data-prevent=\"scroll\"><i class=\"\"><\/i> Limpieza y Finalizaci\u00f3n<\/a><\/h3>\n<div class=\"kc_accordion_content ui-accordion-content kc_clearfix\">\n<div class=\"kc-panel-body\">\n<div class=\"kc-elm kc-css-1329115 kc_text_block\">\n<p>RainDriver, nuestro sistema de restauraci\u00f3n de canalizaciones pluviales, no genera residuos o suciedad aprecialbes en el espacio de intervenci\u00f3n. En todo caso, nuestro equipo dejar\u00e1 toda la zona limpia y despejada de cualquier m\u00ednimo vestigio que le recuerde que nuestros t\u00e9cnicos han estado operando all\u00ed.<\/p>\n<\/div>\n<\/div>\n<\/div>\n<\/div>\n<\/div>\n<\/div>\n<\/div>\n<\/div>\n<\/div>\n<\/section>\n<section class=\"kc-elm kc-css-1624152 kc_row\">\n<div class=\"kc-row-container  kc-container\">\n<div class=\"kc-wrap-columns\">\n<div class=\"kc-elm kc-css-1708108 kc_col-sm-12 kc_column kc_col-sm-12\">\n<div class=\"kc-col-container\">\n<div class=\"kc-elm kc-css-3123967\" style=\"height: 100px; clear: both; width:100%;\"><\/div>\n<\/div>\n<\/div>\n<\/div>\n<\/div>\n<\/section>\n<section class=\"kc-elm kc-css-4015963 kc_row\">\n<div class=\"kc-row-container  kc-container\">\n<div class=\"kc-wrap-columns\">\n<div class=\"kc-elm kc-css-1055001 kc_col-sm-12 kc_column kc_col-sm-12\">\n<div class=\"kc-col-container\">\n<div class=\"kc-elm kc-css-2272624 kc_shortcode kc_single_image\">\n<p>        <a  href=\"http:\/\/bajantessinobras.com\/metodo-y-galeria-bajantedesagues\/\" title=\"\" target=\"_self\"><br \/>\n        <img decoding=\"async\" src=\"\/wp-content\/uploads\/2017\/03\/Flecha-Back.png\" class=\"\" alt=\"\" alt=\"\" \/>    <\/a>\n    <\/div>\n<\/div>\n<\/div>\n<\/div>\n<\/div>\n<\/section>\n","protected":false},"excerpt":{"rendered":"<p>Planificaci\u00f3n En primer lugar se planifica y detalla el proceso y su tiempo de ejecuci\u00f3n, estudiando los par\u00e1metros del sistema de canalizaciones a restaurar (facilidad de acceso, estructura y naturaleza del material). Acceso y limpieza Tras proteger adecuadamente la superficie de trabajo, se limpian las bajantes y sus derivaciones, manguetones y colectores, con el fin &hellip; <\/p>\n<p class=\"link-more\"><a href=\"https:\/\/bajantessinobras.com\/?page_id=991\" class=\"more-link\">Continuar leyendo<span class=\"screen-reader-text\"> \u00abMetodo y Galer\u00eda &#8211; Bajante\u00bb<\/span><\/a><\/p>\n","protected":false},"author":1,"featured_media":0,"parent":0,"menu_order":0,"comment_status":"closed","ping_status":"closed","template":"","meta":{"footnotes":""},"class_list":["post-991","page","type-page","status-publish","hentry"],"_links":{"self":[{"href":"https:\/\/bajantessinobras.com\/index.php?rest_route=\/wp\/v2\/pages\/991","targetHints":{"allow":["GET"]}}],"collection":[{"href":"https:\/\/bajantessinobras.com\/index.php?rest_route=\/wp\/v2\/pages"}],"about":[{"href":"https:\/\/bajantessinobras.com\/index.php?rest_route=\/wp\/v2\/types\/page"}],"author":[{"embeddable":true,"href":"https:\/\/bajantessinobras.com\/index.php?rest_route=\/wp\/v2\/users\/1"}],"replies":[{"embeddable":true,"href":"https:\/\/bajantessinobras.com\/index.php?rest_route=%2Fwp%2Fv2%2Fcomments&post=991"}],"version-history":[{"count":57,"href":"https:\/\/bajantessinobras.com\/index.php?rest_route=\/wp\/v2\/pages\/991\/revisions"}],"predecessor-version":[{"id":3241,"href":"https:\/\/bajantessinobras.com\/index.php?rest_route=\/wp\/v2\/pages\/991\/revisions\/3241"}],"wp:attachment":[{"href":"https:\/\/bajantessinobras.com\/index.php?rest_route=%2Fwp%2Fv2%2Fmedia&parent=991"}],"curies":[{"name":"wp","href":"https:\/\/api.w.org\/{rel}","templated":true}]}}